{"id":30,"date":"2023-02-09T13:40:16","date_gmt":"2023-02-09T12:40:16","guid":{"rendered":"http:\/\/shop-parkett-herter.medienplaner.de\/homepage\/"},"modified":"2026-01-09T09:06:54","modified_gmt":"2026-01-09T08:06:54","slug":"homepage","status":"publish","type":"page","link":"https:\/\/parkett-herter.de\/shop\/","title":{"rendered":"Startseite"},"content":{"rendered":"<div class=\"wp-block-cover alignfull is-light header-fullsize\"><span aria-hidden=\"true\" class=\"wp-block-cover__background has-background-dim-0 has-background-dim\"><\/span><img loading=\"lazy\" decoding=\"async\" width=\"2560\" height=\"1305\" class=\"wp-block-cover__image-background wp-image-137\" alt=\"\" src=\"http:\/\/shop-parkett-herter.medienplaner.de\/wp-content\/uploads\/2023\/05\/Header-IMG-Shop-scaled.jpg\" data-object-fit=\"cover\" srcset=\"https:\/\/parkett-herter.de\/shop\/wp-content\/uploads\/2023\/05\/Header-IMG-Shop-scaled.jpg 2560w, https:\/\/parkett-herter.de\/shop\/wp-content\/uploads\/2023\/05\/Header-IMG-Shop-300x153.jpg 300w, https:\/\/parkett-herter.de\/shop\/wp-content\/uploads\/2023\/05\/Header-IMG-Shop-1024x522.jpg 1024w, https:\/\/parkett-herter.de\/shop\/wp-content\/uploads\/2023\/05\/Header-IMG-Shop-768x391.jpg 768w, https:\/\/parkett-herter.de\/shop\/wp-content\/uploads\/2023\/05\/Header-IMG-Shop-1536x783.jpg 1536w, https:\/\/parkett-herter.de\/shop\/wp-content\/uploads\/2023\/05\/Header-IMG-Shop-2048x1044.jpg 2048w, https:\/\/parkett-herter.de\/shop\/wp-content\/uploads\/2023\/05\/Header-IMG-Shop-600x306.jpg 600w\" sizes=\"auto, (max-width: 2560px) 100vw, 2560px\" \/><div class=\"wp-block-cover__inner-container is-layout-flow wp-block-cover-is-layout-flow\"><h1 class=\"wp-block-heading has-text-align-center\">shop<\/h1>\n\n<p class=\"has-text-align-center\" style=\"font-size:16px;font-style:normal;font-weight:500;letter-spacing:0px\"><strong><em>Hier finden Sie alle Produkte, die Sie zur professionellen Pflege, Reinigung und Erhaltung Ihres Echtholzparketts ben\u00f6tigen.<\/em><\/strong><\/p>\n\n<div class=\"wp-block-buttons is-content-justification-center is-layout-flex wp-container-core-buttons-is-layout-16018d1d wp-block-buttons-is-layout-flex\"><div class=\"wp-block-button\"><a class=\"wp-block-button__link wp-element-button\" href=\"https:\/\/parkett-herter.de\/shop\/produkte\/\">jetzt einkaufen<\/a><\/div><\/div><\/div><\/div><div style=\"height:120px\" aria-hidden=\"true\" class=\"wp-block-spacer\"><\/div><h2 class=\"wp-block-heading has-text-align-center\">shop\u00fcbersicht<\/h2><p class=\"has-text-align-center text-mid-container\">Holz arbeitet \u2013 das ist ein weiterer Grund f\u00fcr unsere gro\u00dfe Wertsch\u00e4tzung f\u00fcr diesen Werkstoff, aber auch f\u00fcr eine regelm\u00e4\u00dfige Pflege Ihres Parketts. Dann haben Sie \u00fcber viele Jahre Freude an Ihrem Boden. Die richtigen Produkte daf\u00fcr gibt es von Parkett Herter.<\/p><div style=\"height:120px\" aria-hidden=\"true\" class=\"wp-block-spacer\"><\/div><h2 class=\"wp-block-heading has-text-align-center\">meistverkaufte produkte<\/h2><div data-align-buttons=\"true\" data-block-name=\"woocommerce\/product-best-sellers\" data-content-visibility=\"{&quot;image&quot;:true,&quot;title&quot;:true,&quot;price&quot;:true,&quot;rating&quot;:false,&quot;button&quot;:false}\" data-rows=\"1\" class=\"wc-block-grid wp-block-product-best-sellers wp-block-woocommerce-product-best-sellers wc-block-product-best-sellers has-3-columns has-aligned-buttons\"><ul class=\"wc-block-grid__products\"><li class=\"wc-block-grid__product product ws-product--style-2  \">\n\t\t\t\t<figure class=\"product__thumbnail\">\n\t\t\t\t\t\t<a href=\"https:\/\/parkett-herter.de\/shop\/produkt\/wischpflege-ecoline\/\" class=\"wc-block-grid__product-link\">\n\t\t\t\t\t\t\t\n\t\t\t\t\t\t\t<div class=\"wc-block-grid__product-image\"><img loading=\"lazy\" decoding=\"async\" width=\"300\" height=\"300\" src=\"https:\/\/parkett-herter.de\/shop\/wp-content\/uploads\/2023\/05\/Wischpflege-EcoLine-1-300x300.png\" class=\"attachment-woocommerce_thumbnail size-woocommerce_thumbnail\" alt=\"Wischpflege EcoLine\" srcset=\"https:\/\/parkett-herter.de\/shop\/wp-content\/uploads\/2023\/05\/Wischpflege-EcoLine-1-300x300.png 300w, https:\/\/parkett-herter.de\/shop\/wp-content\/uploads\/2023\/05\/Wischpflege-EcoLine-1-150x150.png 150w, https:\/\/parkett-herter.de\/shop\/wp-content\/uploads\/2023\/05\/Wischpflege-EcoLine-1-100x100.png 100w\" sizes=\"auto, (max-width: 300px) 100vw, 300px\" \/><\/div>\n\t\t\t\t\t\t<\/a>\n\t\t\t\t<\/figure>\n\t\t\t\t<div class=\"product__content\">\n\t\t\t\t\t<a href=\"https:\/\/parkett-herter.de\/shop\/produkt\/wischpflege-ecoline\/\">\n\t\t\t\t\t\t\n\t\t\t\t\t\t<div class=\"wc-block-grid__product-title\">Wischpflege EcoLine<\/div>\n\t\t\t\t\t\t\n\t\t\t\t\t\t<div class=\"wc-block-grid__product-price price\"><span class=\"woocommerce-Price-amount amount\">16,40&nbsp;<span class=\"woocommerce-Price-currencySymbol\">&euro;<\/span><\/span> <small class=\"woocommerce-price-suffix\">inkl. MwSt<\/small><\/div>\n\t\t\t\t\t<\/a>\n\t\t\t\t\t\n\t\t\t\t<\/div>\n\t\t\t<\/li><li class=\"wc-block-grid__product product ws-product--style-2  \">\n\t\t\t\t<figure class=\"product__thumbnail\">\n\t\t\t\t\t\t<a href=\"https:\/\/parkett-herter.de\/shop\/produkt\/pflegewachs-ecoline\/\" class=\"wc-block-grid__product-link\">\n\t\t\t\t\t\t\t\n\t\t\t\t\t\t\t<div class=\"wc-block-grid__product-image\"><img loading=\"lazy\" decoding=\"async\" width=\"300\" height=\"300\" src=\"https:\/\/parkett-herter.de\/shop\/wp-content\/uploads\/2023\/05\/Pflegewachs-EcoLine-1-300x300.png\" class=\"attachment-woocommerce_thumbnail size-woocommerce_thumbnail\" alt=\"Pflegewachs EcoLine\" srcset=\"https:\/\/parkett-herter.de\/shop\/wp-content\/uploads\/2023\/05\/Pflegewachs-EcoLine-1-300x300.png 300w, https:\/\/parkett-herter.de\/shop\/wp-content\/uploads\/2023\/05\/Pflegewachs-EcoLine-1-150x150.png 150w, https:\/\/parkett-herter.de\/shop\/wp-content\/uploads\/2023\/05\/Pflegewachs-EcoLine-1-100x100.png 100w\" sizes=\"auto, (max-width: 300px) 100vw, 300px\" \/><\/div>\n\t\t\t\t\t\t<\/a>\n\t\t\t\t<\/figure>\n\t\t\t\t<div class=\"product__content\">\n\t\t\t\t\t<a href=\"https:\/\/parkett-herter.de\/shop\/produkt\/pflegewachs-ecoline\/\">\n\t\t\t\t\t\t\n\t\t\t\t\t\t<div class=\"wc-block-grid__product-title\">Pflegewachs EcoLine<\/div>\n\t\t\t\t\t\t\n\t\t\t\t\t\t<div class=\"wc-block-grid__product-price price\"><span class=\"woocommerce-Price-amount amount\">25,10&nbsp;<span class=\"woocommerce-Price-currencySymbol\">&euro;<\/span><\/span> <small class=\"woocommerce-price-suffix\">inkl. MwSt<\/small><\/div>\n\t\t\t\t\t<\/a>\n\t\t\t\t\t\n\t\t\t\t<\/div>\n\t\t\t<\/li><li class=\"wc-block-grid__product product ws-product--style-2  \">\n\t\t\t\t<figure class=\"product__thumbnail\">\n\t\t\t\t\t\t<a href=\"https:\/\/parkett-herter.de\/shop\/produkt\/pflegeset-ecoline-pure-geoelte-oberflaechen\/\" class=\"wc-block-grid__product-link\">\n\t\t\t\t\t\t\t\n\t\t\t\t\t\t\t<div class=\"wc-block-grid__product-image\"><img loading=\"lazy\" decoding=\"async\" width=\"300\" height=\"300\" src=\"https:\/\/parkett-herter.de\/shop\/wp-content\/uploads\/2023\/05\/Pflegeset-EcoLine-Pure-geoelte-Oberflaechen-300x300.png\" class=\"attachment-woocommerce_thumbnail size-woocommerce_thumbnail\" alt=\"Pflegeset EcoLine (Pure ge\u00f6lte Oberfl\u00e4chen)\" srcset=\"https:\/\/parkett-herter.de\/shop\/wp-content\/uploads\/2023\/05\/Pflegeset-EcoLine-Pure-geoelte-Oberflaechen-300x300.png 300w, https:\/\/parkett-herter.de\/shop\/wp-content\/uploads\/2023\/05\/Pflegeset-EcoLine-Pure-geoelte-Oberflaechen-150x150.png 150w, https:\/\/parkett-herter.de\/shop\/wp-content\/uploads\/2023\/05\/Pflegeset-EcoLine-Pure-geoelte-Oberflaechen-100x100.png 100w\" sizes=\"auto, (max-width: 300px) 100vw, 300px\" \/><\/div>\n\t\t\t\t\t\t<\/a>\n\t\t\t\t<\/figure>\n\t\t\t\t<div class=\"product__content\">\n\t\t\t\t\t<a href=\"https:\/\/parkett-herter.de\/shop\/produkt\/pflegeset-ecoline-pure-geoelte-oberflaechen\/\">\n\t\t\t\t\t\t\n\t\t\t\t\t\t<div class=\"wc-block-grid__product-title\">Pflegeset EcoLine (Pure ge\u00f6lte Oberfl\u00e4chen)<\/div>\n\t\t\t\t\t\t\n\t\t\t\t\t\t<div class=\"wc-block-grid__product-price price\"><span class=\"woocommerce-Price-amount amount\">36,70&nbsp;<span class=\"woocommerce-Price-currencySymbol\">&euro;<\/span><\/span> <small class=\"woocommerce-price-suffix\">inkl. MwSt<\/small><\/div>\n\t\t\t\t\t<\/a>\n\t\t\t\t\t\n\t\t\t\t<\/div>\n\t\t\t<\/li><\/ul><\/div><div style=\"height:120px\" aria-hidden=\"true\" class=\"wp-block-spacer\"><\/div>","protected":false},"excerpt":{"rendered":"<p>shop\u00fcbersicht Holz arbeitet \u2013 das ist ein weiterer Grund f\u00fcr unsere gro\u00dfe Wertsch\u00e4tzung f\u00fcr diesen Werkstoff, aber auch&hellip;<\/p>\n","protected":false},"author":1,"featured_media":0,"parent":0,"menu_order":1,"comment_status":"closed","ping_status":"closed","template":"templates\/wpmm-page-template.php","meta":{"inline_featured_image":false,"_themeisle_gutenberg_block_has_review":false,"footnotes":""},"class_list":["post-30","page","type-page","status-publish","hentry","post"],"_links":{"self":[{"href":"https:\/\/parkett-herter.de\/shop\/wp-json\/wp\/v2\/pages\/30","targetHints":{"allow":["GET"]}}],"collection":[{"href":"https:\/\/parkett-herter.de\/shop\/wp-json\/wp\/v2\/pages"}],"about":[{"href":"https:\/\/parkett-herter.de\/shop\/wp-json\/wp\/v2\/types\/page"}],"author":[{"embeddable":true,"href":"https:\/\/parkett-herter.de\/shop\/wp-json\/wp\/v2\/users\/1"}],"replies":[{"embeddable":true,"href":"https:\/\/parkett-herter.de\/shop\/wp-json\/wp\/v2\/comments?post=30"}],"version-history":[{"count":60,"href":"https:\/\/parkett-herter.de\/shop\/wp-json\/wp\/v2\/pages\/30\/revisions"}],"predecessor-version":[{"id":660,"href":"https:\/\/parkett-herter.de\/shop\/wp-json\/wp\/v2\/pages\/30\/revisions\/660"}],"wp:attachment":[{"href":"https:\/\/parkett-herter.de\/shop\/wp-json\/wp\/v2\/media?parent=30"}],"curies":[{"name":"wp","href":"https:\/\/api.w.org\/{rel}","templated":true}]}}