{"id":102,"date":"2023-05-22T13:50:40","date_gmt":"2023-05-22T11:50:40","guid":{"rendered":"http:\/\/shop-parkett-herter.medienplaner.de\/?post_type=product&#038;p=102"},"modified":"2023-05-25T13:45:23","modified_gmt":"2023-05-25T11:45:23","slug":"profi-pflege-oel-natur-2","status":"publish","type":"product","link":"https:\/\/parkett-herter.de\/shop\/produkt\/profi-pflege-oel-natur-2\/","title":{"rendered":"Profi Pflege-\u00d6l natur"},"content":{"rendered":"<p>Datenblatt: <a href=\"http:\/\/shop-parkett-herter.medienplaner.de\/wp-content\/uploads\/2023\/05\/Profi-Pflege-Oel-natur.pdf\">Profi Pflege-O\u0308l natur<\/a><\/p>\n","protected":false},"excerpt":{"rendered":"<p>Erstpflege f\u00fcr natur ge\u00f6lte Oberfl\u00e4chen<\/p>\n","protected":false},"featured_media":146,"template":"","meta":{"inline_featured_image":false,"_themeisle_gutenberg_block_has_review":false},"product_brand":[],"product_cat":[19],"product_tag":[],"class_list":{"0":"post-102","1":"product","2":"type-product","3":"status-publish","4":"has-post-thumbnail","6":"product_cat-erstpflege-fuer-pure-geoelte-oberflaechen","7":"post","8":"ws-product--style-2","10":"first","11":"instock","12":"taxable","13":"shipping-taxable","14":"purchasable","15":"product-type-simple"},"_links":{"self":[{"href":"https:\/\/parkett-herter.de\/shop\/wp-json\/wp\/v2\/product\/102","targetHints":{"allow":["GET"]}}],"collection":[{"href":"https:\/\/parkett-herter.de\/shop\/wp-json\/wp\/v2\/product"}],"about":[{"href":"https:\/\/parkett-herter.de\/shop\/wp-json\/wp\/v2\/types\/product"}],"wp:featuredmedia":[{"embeddable":true,"href":"https:\/\/parkett-herter.de\/shop\/wp-json\/wp\/v2\/media\/146"}],"wp:attachment":[{"href":"https:\/\/parkett-herter.de\/shop\/wp-json\/wp\/v2\/media?parent=102"}],"wp:term":[{"taxonomy":"product_brand","embeddable":true,"href":"https:\/\/parkett-herter.de\/shop\/wp-json\/wp\/v2\/product_brand?post=102"},{"taxonomy":"product_cat","embeddable":true,"href":"https:\/\/parkett-herter.de\/shop\/wp-json\/wp\/v2\/product_cat?post=102"},{"taxonomy":"product_tag","embeddable":true,"href":"https:\/\/parkett-herter.de\/shop\/wp-json\/wp\/v2\/product_tag?post=102"}],"curies":[{"name":"wp","href":"https:\/\/api.w.org\/{rel}","templated":true}]}}