{"id":97,"date":"2023-05-22T13:33:36","date_gmt":"2023-05-22T11:33:36","guid":{"rendered":"http:\/\/shop-parkett-herter.medienplaner.de\/?post_type=product&#038;p=97"},"modified":"2023-05-25T13:46:41","modified_gmt":"2023-05-25T11:46:41","slug":"wischpflege-weiss-ecoline","status":"publish","type":"product","link":"https:\/\/parkett-herter.de\/shop\/produkt\/wischpflege-weiss-ecoline\/","title":{"rendered":"Wischpflege wei\u00df EcoLine"},"content":{"rendered":"<p>Datenblatt: <a href=\"http:\/\/shop-parkett-herter.medienplaner.de\/wp-content\/uploads\/2023\/05\/Wischpflege-weiss-EcoLine.pdf\">Wischpflege wei\u00df EcoLine<\/a><\/p>\n","protected":false},"excerpt":{"rendered":"<p>Unterhaltsreiniger f\u00fcr wei\u00df ge\u00f6lte Oberfl\u00e4chen<\/p>\n","protected":false},"featured_media":139,"template":"","meta":{"inline_featured_image":false,"_themeisle_gutenberg_block_has_review":false},"product_brand":[],"product_cat":[18],"product_tag":[],"class_list":{"0":"post-97","1":"product","2":"type-product","3":"status-publish","4":"has-post-thumbnail","6":"product_cat-pflegeserie-fuer-pure-geoelte-oberflaechen","7":"post","8":"ws-product--style-2","10":"first","11":"instock","12":"taxable","13":"shipping-taxable","14":"purchasable","15":"product-type-simple"},"_links":{"self":[{"href":"https:\/\/parkett-herter.de\/shop\/wp-json\/wp\/v2\/product\/97","targetHints":{"allow":["GET"]}}],"collection":[{"href":"https:\/\/parkett-herter.de\/shop\/wp-json\/wp\/v2\/product"}],"about":[{"href":"https:\/\/parkett-herter.de\/shop\/wp-json\/wp\/v2\/types\/product"}],"wp:featuredmedia":[{"embeddable":true,"href":"https:\/\/parkett-herter.de\/shop\/wp-json\/wp\/v2\/media\/139"}],"wp:attachment":[{"href":"https:\/\/parkett-herter.de\/shop\/wp-json\/wp\/v2\/media?parent=97"}],"wp:term":[{"taxonomy":"product_brand","embeddable":true,"href":"https:\/\/parkett-herter.de\/shop\/wp-json\/wp\/v2\/product_brand?post=97"},{"taxonomy":"product_cat","embeddable":true,"href":"https:\/\/parkett-herter.de\/shop\/wp-json\/wp\/v2\/product_cat?post=97"},{"taxonomy":"product_tag","embeddable":true,"href":"https:\/\/parkett-herter.de\/shop\/wp-json\/wp\/v2\/product_tag?post=97"}],"curies":[{"name":"wp","href":"https:\/\/api.w.org\/{rel}","templated":true}]}}